{"id":79,"date":"2021-07-04T11:16:47","date_gmt":"2021-07-04T11:16:47","guid":{"rendered":"http:\/\/www.hmleder.ch\/wordpress\/?page_id=79"},"modified":"2023-10-01T11:49:30","modified_gmt":"2023-10-01T09:49:30","slug":"atelier","status":"publish","type":"page","link":"https:\/\/www.hmleder.ch\/wordpress\/?page_id=79","title":{"rendered":"Atelier"},"content":{"rendered":"\n<p><strong>Mitbenutzung Atelier<\/strong><\/p>\n\n\n\n<p>Fortgeschrittene haben die M\u00f6glichkeit, mein Atelier mit der gesamten Einrichtung ( Industrien\u00e4hmaschine, Spalt- und Sch\u00e4rfmaschine, Haushaltn\u00e4hmaschine und Spezialwerkzeug) mitzubenutzen. <\/p>\n\n\n\n<p>Stundenansatz Fr. 40.- plus Material<\/p>\n\n\n\n<p><\/p>\n\n\n\n<p><strong>Meine weiteren Dienstleistungen<\/strong><\/p>\n\n\n\n<ul class=\"wp-block-list\">\n<li>Leder Spalt- und Sch\u00e4rfservice<\/li>\n\n\n\n<li>Verkauf von Leder und Zubeh\u00f6r wie:\n<ul class=\"wp-block-list\">\n<li>Spezialfaden<\/li>\n\n\n\n<li>Reissverschl\u00fcsse am Meter, Zipper<\/li>\n\n\n\n<li>Beschl\u00e4ge<\/li>\n\n\n\n<li>&#8230;und vieles mehr<\/li>\n<\/ul>\n<\/li>\n<\/ul>\n\n\n\n<p>Mein Atelier ist ge\u00f6ffnet nach telefonischer Voranmeldung.<\/p>\n","protected":false},"excerpt":{"rendered":"<p>Mitbenutzung Atelier Fortgeschrittene haben die M\u00f6glichkeit, mein Atelier mit der gesamten Einrichtung ( Industrien\u00e4hmaschine, Spalt- und Sch\u00e4rfmaschine, Haushaltn\u00e4hmaschine und Spezialwerkzeug) mitzubenutzen. Stundenansatz Fr. 40.- plus Material Meine weiteren Dienstleistungen Mein Atelier ist ge\u00f6ffnet nach telefonischer Voranmeldung.<\/p>\n","protected":false},"author":1,"featured_media":0,"parent":0,"menu_order":0,"comment_status":"closed","ping_status":"closed","template":"","meta":{"footnotes":""},"class_list":["post-79","page","type-page","status-publish","hentry","entry"],"_links":{"self":[{"href":"https:\/\/www.hmleder.ch\/wordpress\/index.php?rest_route=\/wp\/v2\/pages\/79","targetHints":{"allow":["GET"]}}],"collection":[{"href":"https:\/\/www.hmleder.ch\/wordpress\/index.php?rest_route=\/wp\/v2\/pages"}],"about":[{"href":"https:\/\/www.hmleder.ch\/wordpress\/index.php?rest_route=\/wp\/v2\/types\/page"}],"author":[{"embeddable":true,"href":"https:\/\/www.hmleder.ch\/wordpress\/index.php?rest_route=\/wp\/v2\/users\/1"}],"replies":[{"embeddable":true,"href":"https:\/\/www.hmleder.ch\/wordpress\/index.php?rest_route=%2Fwp%2Fv2%2Fcomments&post=79"}],"version-history":[{"count":6,"href":"https:\/\/www.hmleder.ch\/wordpress\/index.php?rest_route=\/wp\/v2\/pages\/79\/revisions"}],"predecessor-version":[{"id":356,"href":"https:\/\/www.hmleder.ch\/wordpress\/index.php?rest_route=\/wp\/v2\/pages\/79\/revisions\/356"}],"wp:attachment":[{"href":"https:\/\/www.hmleder.ch\/wordpress\/index.php?rest_route=%2Fwp%2Fv2%2Fmedia&parent=79"}],"curies":[{"name":"wp","href":"https:\/\/api.w.org\/{rel}","templated":true}]}}