{"id":73,"date":"2021-07-04T11:15:55","date_gmt":"2021-07-04T11:15:55","guid":{"rendered":"http:\/\/www.hmleder.ch\/wordpress\/?page_id=73"},"modified":"2021-07-04T11:23:16","modified_gmt":"2021-07-04T11:23:16","slug":"material","status":"publish","type":"page","link":"https:\/\/www.hmleder.ch\/wordpress\/?page_id=73","title":{"rendered":"Material"},"content":{"rendered":"\n<p>Die Tierhaut ist ein Neben- beziehungsweise Abfallprodukt der Viehzucht. Ich verarbeite ausschliesslich Leder aus europ\u00e4ischen Gerbereien, die nach den strengen Bestimmungen des Umweltschutzes produzieren. Hier hat auch das Tierwohl einen h\u00f6heren Stellenwert als Materialien aus Fernost.<\/p>\n\n\n\n<p>Das Fischleder, welches ich in Island entdeckt habe, wird vor Ort aus regionalem Fischfang hergestellt.<\/p>\n\n\n\n<p>Eine Ausnahme ist das Straussenleder, das ich aus S\u00fcdafrika beziehe. Ich konnte mich pers\u00f6nlich \u00fcberzeugen, dass die Gerberei in punkto Umweltschutz und Arbeitsbedingungen Top ist!<\/p>\n","protected":false},"excerpt":{"rendered":"<p>Die Tierhaut ist ein Neben- beziehungsweise Abfallprodukt der Viehzucht. Ich verarbeite ausschliesslich Leder aus europ\u00e4ischen Gerbereien, die nach den strengen Bestimmungen des Umweltschutzes produzieren. Hier hat auch das Tierwohl einen h\u00f6heren Stellenwert als Materialien aus Fernost. Das Fischleder, welches ich in Island entdeckt habe, wird vor Ort aus regionalem Fischfang hergestellt. Eine Ausnahme ist das&hellip; <a class=\"more-link\" href=\"https:\/\/www.hmleder.ch\/wordpress\/?page_id=73\"><span class=\"screen-reader-text\">Material<\/span> weiterlesen<\/a><\/p>\n","protected":false},"author":1,"featured_media":0,"parent":0,"menu_order":0,"comment_status":"closed","ping_status":"closed","template":"","meta":{"footnotes":""},"class_list":["post-73","page","type-page","status-publish","hentry","entry"],"_links":{"self":[{"href":"https:\/\/www.hmleder.ch\/wordpress\/index.php?rest_route=\/wp\/v2\/pages\/73","targetHints":{"allow":["GET"]}}],"collection":[{"href":"https:\/\/www.hmleder.ch\/wordpress\/index.php?rest_route=\/wp\/v2\/pages"}],"about":[{"href":"https:\/\/www.hmleder.ch\/wordpress\/index.php?rest_route=\/wp\/v2\/types\/page"}],"author":[{"embeddable":true,"href":"https:\/\/www.hmleder.ch\/wordpress\/index.php?rest_route=\/wp\/v2\/users\/1"}],"replies":[{"embeddable":true,"href":"https:\/\/www.hmleder.ch\/wordpress\/index.php?rest_route=%2Fwp%2Fv2%2Fcomments&post=73"}],"version-history":[{"count":3,"href":"https:\/\/www.hmleder.ch\/wordpress\/index.php?rest_route=\/wp\/v2\/pages\/73\/revisions"}],"predecessor-version":[{"id":87,"href":"https:\/\/www.hmleder.ch\/wordpress\/index.php?rest_route=\/wp\/v2\/pages\/73\/revisions\/87"}],"wp:attachment":[{"href":"https:\/\/www.hmleder.ch\/wordpress\/index.php?rest_route=%2Fwp%2Fv2%2Fmedia&parent=73"}],"curies":[{"name":"wp","href":"https:\/\/api.w.org\/{rel}","templated":true}]}}